{"id":16,"date":"2020-09-11T23:38:47","date_gmt":"2020-09-11T23:38:47","guid":{"rendered":"https:\/\/vicentecabos.com\/vicalab\/register\/"},"modified":"2020-09-29T12:43:57","modified_gmt":"2020-09-29T12:43:57","slug":"register","status":"publish","type":"page","link":"https:\/\/vicentecabos.com\/vicalab\/register\/","title":{"rendered":"Registro"},"content":{"rendered":"\t\t<div data-elementor-type=\"wp-page\" data-elementor-id=\"16\" class=\"elementor elementor-16\" data-elementor-settings=\"{&quot;ha_cmc_init_switcher&quot;:&quot;no&quot;}\">\n\t\t\t\t\t\t<section class=\"elementor-section elementor-top-section elementor-element elementor-element-102280b9 elementor-section-boxed elementor-section-height-default elementor-section-height-default\" data-id=\"102280b9\" data-element_type=\"section\" data-e-type=\"section\" data-settings=\"{&quot;_ha_eqh_enable&quot;:false}\">\n\t\t\t\t\t\t<div class=\"elementor-container elementor-column-gap-default\">\n\t\t\t\t\t<div class=\"elementor-column elementor-col-50 elementor-top-column elementor-element elementor-element-6aa37a7f\" data-id=\"6aa37a7f\" data-element_type=\"column\" data-e-type=\"column\" data-settings=\"{&quot;background_background&quot;:&quot;classic&quot;}\">\n\t\t\t<div class=\"elementor-widget-wrap elementor-element-populated\">\n\t\t\t\t\t\t<div class=\"elementor-element elementor-element-4d4bf30 elementor-widget elementor-widget-text-editor\" data-id=\"4d4bf30\" data-element_type=\"widget\" data-e-type=\"widget\" data-widget_type=\"text-editor.default\">\n\t\t\t\t<div class=\"elementor-widget-container\">\n\t\t\t\t\t\t\t\t\t<p>Este registro es efectivo en las p\u00e1ginas <a href=\"https:\/\/vicentecabos.com\">Vicente Cabos<\/a> y VicaLAB. Si ya realiz\u00f3 el registro en Vicente Cabos s\u00f3lo debe <a href=\"https:\/\/vicentecabos.com\/vicalab\/login\/\">iniciar sesi\u00f3n<\/a><\/p>\t\t\t\t\t\t\t\t<\/div>\n\t\t\t\t<\/div>\n\t\t\t\t<div class=\"elementor-element elementor-element-36fd8ee5 elementor-widget elementor-widget-shortcode\" data-id=\"36fd8ee5\" data-element_type=\"widget\" data-e-type=\"widget\" data-widget_type=\"shortcode.default\">\n\t\t\t\t<div class=\"elementor-widget-container\">\n\t\t\t\t\t\t\t<div class=\"elementor-shortcode\">\n<div class=\"um um-register um-3\">\n\t<div class=\"um-form\" data-mode=\"register\">\n\t\t<form method=\"post\" action=\"\">\n\t\t\t<div class=\"um-row _um_row_1 \" style=\"margin: 0 0 30px 0;\"><div class=\"um-col-1\"><div  id=\"um_field_3_user_login\" class=\"um-field um-field-text  um-field-user_login um-field-text um-field-type_text\" data-key=\"user_login\"><div class=\"um-field-label\"><label for=\"user_login-3\">Nombre de usuario<\/label><div class=\"um-clear\"><\/div><\/div><div class=\"um-field-area\"><input  autocomplete=\"off\" class=\"um-form-field valid \" type=\"text\" name=\"user_login-3\" id=\"user_login-3\" value=\"\" placeholder=\"\" data-validate=\"unique_username\" data-key=\"user_login\"  aria-invalid=\"false\" \/>\n\n\t\t\t\t\t\t<\/div><\/div><div  id=\"um_field_3_first_name\" class=\"um-field um-field-text  um-field-first_name um-field-text um-field-type_text\" data-key=\"first_name\"><div class=\"um-field-label\"><label for=\"first_name-3\">Nombre<\/label><div class=\"um-clear\"><\/div><\/div><div class=\"um-field-area\"><input  autocomplete=\"off\" class=\"um-form-field valid not-required \" type=\"text\" name=\"first_name-3\" id=\"first_name-3\" value=\"\" placeholder=\"\" data-validate=\"\" data-key=\"first_name\"  aria-invalid=\"false\" \/>\n\n\t\t\t\t\t\t<\/div><\/div><div  id=\"um_field_3_last_name\" class=\"um-field um-field-text  um-field-last_name um-field-text um-field-type_text\" data-key=\"last_name\"><div class=\"um-field-label\"><label for=\"last_name-3\">Apellido<\/label><div class=\"um-clear\"><\/div><\/div><div class=\"um-field-area\"><input  autocomplete=\"off\" class=\"um-form-field valid not-required \" type=\"text\" name=\"last_name-3\" id=\"last_name-3\" value=\"\" placeholder=\"\" data-validate=\"\" data-key=\"last_name\"  aria-invalid=\"false\" \/>\n\n\t\t\t\t\t\t<\/div><\/div><div  id=\"um_field_3_user_email\" class=\"um-field um-field-text  um-field-user_email um-field-text um-field-type_text\" data-key=\"user_email\"><div class=\"um-field-label\"><label for=\"user_email-3\">E-mail<\/label><div class=\"um-clear\"><\/div><\/div><div class=\"um-field-area\"><input  autocomplete=\"off\" class=\"um-form-field valid not-required \" type=\"text\" name=\"user_email-3\" id=\"user_email-3\" value=\"\" placeholder=\"\" data-validate=\"unique_email\" data-key=\"user_email\"  aria-invalid=\"false\" \/>\n\n\t\t\t\t\t\t<\/div><\/div><div  id=\"um_field_3_user_password\" class=\"um-field um-field-password  um-field-user_password um-field-password um-field-type_password\" data-key=\"user_password\"><div class=\"um-field-label\"><label for=\"user_password-3\">Contrase\u00f1a<\/label><div class=\"um-clear\"><\/div><\/div><div class=\"um-field-area\"><input class=\"um-form-field valid \" type=\"password\" name=\"user_password-3\" id=\"user_password-3\" value=\"\" placeholder=\"\" data-validate=\"\" data-key=\"user_password\"  aria-invalid=\"false\" \/>\n\n\t\t\t\t\t\t\t<\/div><\/div><div  id=\"um_field_3_confirm_user_password\" class=\"um-field um-field-password  um-field-user_password um-field-password um-field-type_password\" data-key=\"confirm_user_password\"><div class=\"um-field-label\"><label for=\"confirm_user_password-3\">Confirmar Contrase\u00f1a<\/label><div class=\"um-clear\"><\/div><\/div><div class=\"um-field-area\"><input class=\"um-form-field valid \" type=\"password\" name=\"confirm_user_password-3\" id=\"confirm_user_password-3\" value=\"\" placeholder=\"Confirmar Contrase\u00f1a\" data-validate=\"\" data-key=\"confirm_user_password\"  aria-invalid=\"false\" \/><\/div><\/div><\/div><\/div>\n<!-- This file should primarily consist of HTML with a little bit of PHP. -->\n<div class=\"um-field um-field-type_terms_conditions\" data-key=\"use_terms_conditions_agreement\" style=\"display:block;padding:0;\">\n\t<div class=\"um-field-area\">\n\t\t<div class=\"um-gdpr-content\" style=\"display:none;\">\n\t\t\t\n<p>En Vicente Cabos, accesible desde https:\/\/vicentecabos.com, una de nuestras principales prioridades es la privacidad de nuestros visitantes. Este documento de Pol\u00edtica de Privacidad contiene los tipos de informaci\u00f3n recopilada y registrada por Vicente Cabos CA y c\u00f3mo es utilizada.<\/p>\n\n\n\n<p>Esta Pol\u00edtica de Privacidad se aplica s\u00f3lo a nuestras actividades en l\u00ednea y es v\u00e1lida para los visitantes de nuestro sitio web con respecto a la informaci\u00f3n que compartieron y \/ o recopilaron en vicentecabos.com. Esta pol\u00edtica no se aplica a la informaci\u00f3n recopilada fuera de l\u00ednea o por v\u00edas distintas a este sitio web.<\/p>\n\n\n\n<h3 class=\"wp-block-heading\">Consentimiento<\/h3>\n\n\n\n<p>Al utilizar nuestro sitio web, usted acepta nuestra Pol\u00edtica de Privacidad y acepta sus t\u00e9rminos.<\/p>\n\n\n\n<h3 class=\"wp-block-heading\">Informaci\u00f3n recopilada<\/h3>\n\n\n\n<p>La informaci\u00f3n personal que se le solicita y las razones por las cuales se le solicita son aclaradas en el momento en el que se le solicite brindar dicha informaci\u00f3n personal.<\/p>\n\n\n\n<p>Si nos contacta directamente, podemos recibir informaci\u00f3n adicional sobre usted, como su nombre, direcci\u00f3n de correo electr\u00f3nico, n\u00famero de tel\u00e9fono, el contenido del mensaje y \/ o los archivos adjuntos que puede enviarnos, y cualquier otra informaci\u00f3n que prefiera proporcionar.<\/p>\n\n\n\n<p>Cuando registra una Cuenta, podemos solicitar su informaci\u00f3n de contacto, incluidos elementos como nombre, nombre de la empresa, direcci\u00f3n, direcci\u00f3n de correo electr\u00f3nico y n\u00famero de tel\u00e9fono.<\/p>\n\n\n\n<h3 class=\"wp-block-heading\">C\u00f3mo usamos su informaci\u00f3n<\/h3>\n\n\n\n<p>Utilizamos la informaci\u00f3n que recopilamos de varias maneras, que incluyen:<\/p>\n\n\n\n<ul class=\"wp-block-list\"><li>Proporcionar, operar y mantener nuestro sitio web.<\/li><li>Mejorar, personalizar y expandir nuestro sitio web<\/li><li>Comprender y analizar c\u00f3mo usar nuestro sitio web<\/li><li>Desarrollar nuevos productos, servicios, caracter\u00edsticas y funcionalidades.<\/li><li>Comunicarnos con usted, ya sea directamente o a trav\u00e9s de uno de nuestros socios, incluso para el servicio al cliente, para proporcionarle actualizaciones y otra informaci\u00f3n relacionada con el sitio web, y con fines de marketing y promoci\u00f3n<\/li><li>Enviarte correos electr\u00f3nicos.<\/li><li>Descubrir y prevenir fraudes.<\/li><\/ul>\n\n\n\n<h3 class=\"wp-block-heading\">Archivos de Registro<\/h3>\n\n\n\n<p>Vicente Cabos CA sigue un procedimiento est\u00e1ndar de uso de archivos de registro. Estos archivos registran a los visitantes cuando consultan sitios web. Todas las empresas de hosting hacen esto y una parte de los an\u00e1lisis de los servicios de hosting. La informaci\u00f3n recopilada por los archivos de registro incluye direcciones de protocolo de Internet (IP), tipo de navegador, proveedor de servicios de Internet (ISP), sello de fecha y hora, p\u00e1ginas de referencia \/ salida, y posiblemente la cantidad de clics. Estos no est\u00e1n vinculados a ninguna informaci\u00f3n que sea personalmente identificable. El prop\u00f3sito de la informaci\u00f3n es analizar tendencias, administrar el sitio, rastrear el movimiento de los usuarios en el sitio web y recopilar informaci\u00f3n demogr\u00e1fica. Nuestra Pol\u00edtica de Privacidad se cre\u00f3 con la ayuda del Generador de pol\u00edticas de privacidad y el Generador de pol\u00edticas de privacidad en l\u00ednea.<\/p>\n\n\n\n<h3 class=\"wp-block-heading\">Pol\u00edticas de Privacidad de Socios Publicitarios<\/h3>\n\n\n\n<p>Puede consultar esta lista para encontrar la Pol\u00edtica de privacidad de cada uno de los socios publicitarios de Vicente Cabos CA.<\/p>\n\n\n\n<p>Los servidores o redes publicitarias de terceros hacen uso de tecnolog\u00edas como cookies, JavaScript o balizas web que se utilizan en sus respectivos anuncios y enlaces que aparecen en Vicente Cabos CA, enviados directamente al navegador de los usuarios. Ellos reciben autom\u00e1ticamente su direcci\u00f3n IP cuando esto ocurre. Estas tecnolog\u00edas se utilizan para medir la efectividad de sus campa\u00f1as publicitarias y \/ o para personalizar el contenido publicitario que ve en los sitios web que visita.<\/p>\n\n\n\n<p>Tenga en cuenta que Vicente Cabos CA no tiene acceso ni control sobre estas cookies que utilizan los anunciantes externos.<\/p>\n\n\n\n<h3 class=\"wp-block-heading\">Pol\u00edticas de Privacidad de Terceros<\/h3>\n\n\n\n<p>La Pol\u00edtica de privacidad de Vicente Cabos CA no se aplica a otros anunciantes o sitios web. Por lo tanto, le recomendamos que consulte las pol\u00edticas de privacidad respectivas de estos servidores de anuncios de terceros para obtener informaci\u00f3n m\u00e1s detallada. Puede incluir sus pr\u00e1cticas e instrucciones sobre c\u00f3mo darse de baja de ciertas opciones.<\/p>\n\n\n\n<p>Puede optar por desactivar las cookies a trav\u00e9s de las opciones de su navegador individual. Informaci\u00f3n m\u00e1s detallada sobre el manejo de cookies en los navegadores web se puede encontrar en sitios web de los respectivos navegadores.<\/p>\n\n\n\n<h3 class=\"wp-block-heading\">GDPR Derechos de Protecci\u00f3n de Datos<\/h3>\n\n\n\n<p>La Empresa quiere asegurarse de que usted conoce todos sus derechos de protecci\u00f3n de datos. Todo usuario tiene derecho a lo siguiente:<\/p>\n\n\n\n<p>El derecho de acceso: tiene derecho a solicitar copias de sus datos personales. Podemos cobrarle una peque\u00f1a tarifa por este servicio.<\/p>\n\n\n\n<p>El derecho a la rectificaci\u00f3n: tiene derecho a solicitar que corrijamos cualquier informaci\u00f3n que considere inexacta. Tambi\u00e9n tiene derecho a solicitar que completemos la informaci\u00f3n que considera incompleta.<\/p>\n\n\n\n<p>El derecho a borrar: tiene derecho a solicitar que borremos sus datos personales, bajo ciertas condiciones.<\/p>\n\n\n\n<p>El derecho a restringir el procesamiento: tiene derecho a solicitar que restrinjamos el procesamiento de sus datos personales, bajo ciertas condiciones.<\/p>\n\n\n\n<p>El derecho a oponerse al procesamiento: tiene derecho a oponerse a nuestro procesamiento de sus datos personales, bajo ciertas condiciones.<\/p>\n\n\n\n<p>El derecho a la portabilidad de datos: tiene derecho a solicitar que transfiramos los datos que hemos recopilado a otra organizaci\u00f3n, o directamente a usted, bajo ciertas condiciones.<\/p>\n\n\n\n<p>Si realiza dicha solicitud, la Empresa dispondr\u00e1 de un mes para enviarle una respuesta formal. Si desea ejercer alguno de estos derechos, p\u00f3ngase en contacto con nosotros.<\/p>\n\t\t<\/div>\n\t\t<a href=\"javascript:void(0);\" class=\"um-toggle-gdpr\" data-toggle-state=\"hidden\"\n\t\t\tdata-toggle-show=\"Mostrar la pol\u00edtica de privacidad\"\n\t\t\tdata-toggle-hide=\"Ocultar la pol\u00edtica de privacidad\">\n\t\t\tMostrar la pol\u00edtica de privacidad\t\t<\/a>\n\t<\/div>\n\t<div class=\"um-field-area\">\n\t\t<label class=\"um-field-checkbox\">\n\t\t\t<input type=\"checkbox\" name=\"use_gdpr_agreement\" value=\"1\">\n\t\t\t<span class=\"um-field-checkbox-state\"><i class=\"um-icon-android-checkbox-outline-blank\"><\/i><\/span>\n\t\t\t<span class=\"um-field-checkbox-option\">Por favor, confirma que est\u00e1s de acuerdo con nuestra pol\u00edtica de privacidad<\/span>\n\t\t<\/label>\n\t\t<div class=\"um-clear\"><\/div>\n\t\t\t\t<div class=\"um-clear\"><\/div>\n\t<\/div>\n<\/div>\n\t<input type=\"hidden\" name=\"form_id\" id=\"form_id_3\" value=\"3\" \/>\n\t\t<p class=\"um_request_name\">\n\t\t<label for=\"um_request_3\">Only fill in if you are not human<\/label>\n\t\t<input type=\"hidden\" name=\"um_request\" id=\"um_request_3\" class=\"input\" value=\"\" size=\"25\" autocomplete=\"off\" \/>\n\t<\/p>\n\t<input type=\"hidden\" id=\"_wpnonce\" name=\"_wpnonce\" value=\"0b96fc5c45\" \/><input type=\"hidden\" name=\"_wp_http_referer\" value=\"\/vicalab\/wp-json\/wp\/v2\/pages\/16\" \/>\n<div class=\"um-field\">\n\t<div class=\"g-recaptcha\" id=\"um-3\" data-type=\"image\" data-size=\"normal\" data-theme=\"light\" data-sitekey=\"6LfNPMsZAAAAAI6Cnm3Ckj-nBhogwJsSm8pAf1H4\"><\/div>\n<\/div>\n\n\n<script type=\"text\/javascript\">\n\t\n\t\tvar onloadCallback = function () {\n\t\t\tjQuery('.g-recaptcha').each( function (i) {\n\t\t\t\tgrecaptcha.render( jQuery(this).attr('id'), {\n\t\t\t\t\t'sitekey': jQuery(this).attr('data-sitekey'),\n\t\t\t\t\t'theme': jQuery(this).attr('data-theme')\n\t\t\t\t});\n\t\t\t});\n\t\t};\n\n\t\tfunction um_recaptcha_refresh() {\n\t\t\tjQuery('.g-recaptcha').html('');\n\t\t\tgrecaptcha.reset();\n\t\t\tonloadCallback();\n\t\t}\n\n\t<\/script>\n\n\t<div class=\"um-col-alt\">\n\n\t\t\n\t\t\t<div class=\"um-left um-half\">\n\t\t\t\t<input type=\"submit\" value=\"Registro\" class=\"um-button\" id=\"um-submit-btn\" \/>\n\t\t\t<\/div>\n\t\t\t<div class=\"um-right um-half\">\n\t\t\t\t<a href=\"https:\/\/vicentecabos.com\/vicalab\/login\/\" class=\"um-button um-alt\">\n\t\t\t\t\tIniciar sesi\u00f3n\t\t\t\t<\/a>\n\t\t\t<\/div>\n\n\t\t\n\t\t<div class=\"um-clear\"><\/div>\n\n\t<\/div>\n\n\t\t\t<\/form>\n\t<\/div>\n<\/div>\n<style>\n\t\t\t.um-3.um {\n\t\t\tmax-width: 450px;\n\t\t}\n\t\t<\/style>\n<\/div>\n\t\t\t\t\t\t<\/div>\n\t\t\t\t<\/div>\n\t\t\t\t\t<\/div>\n\t\t<\/div>\n\t\t\t\t<div class=\"elementor-column elementor-col-50 elementor-top-column elementor-element elementor-element-1292500\" data-id=\"1292500\" data-element_type=\"column\" data-e-type=\"column\">\n\t\t\t<div class=\"elementor-widget-wrap elementor-element-populated\">\n\t\t\t\t\t\t<div class=\"elementor-element elementor-element-84d4948 elementor-widget elementor-widget-sidebar\" data-id=\"84d4948\" data-element_type=\"widget\" data-e-type=\"widget\" data-widget_type=\"sidebar.default\">\n\t\t\t\t<div class=\"elementor-widget-container\">\n\t\t\t\t\t<aside id=\"media_image-4\" class=\"widget widget_media_image\"><a href=\"https:\/\/vicentecabos.com\"><img fetchpriority=\"high\" decoding=\"async\" width=\"325\" height=\"600\" src=\"https:\/\/vicentecabos.com\/vicalab\/wp-content\/uploads\/sites\/4\/2020\/09\/BannerVica.gif\" class=\"image wp-image-127  attachment-full size-full\" alt=\"\" style=\"max-width: 100%; height: auto;\" \/><\/a><\/aside>\n\t\t<aside id=\"recent-posts-3\" class=\"widget widget_recent_entries\">\n\t\t<h2 class=\"widget-title\">F\u00f3rmulas B\u00e1sicas<\/h2><nav aria-label=\"F\u00f3rmulas B\u00e1sicas\">\n\t\t<ul>\n\t\t\t\t\t\t\t\t\t\t\t<li>\n\t\t\t\t\t<a href=\"https:\/\/vicentecabos.com\/vicalab\/salchicha\/\">Salchicha<\/a>\n\t\t\t\t\t\t\t\t\t<\/li>\n\t\t\t\t\t\t\t\t\t\t\t<li>\n\t\t\t\t\t<a href=\"https:\/\/vicentecabos.com\/vicalab\/jamon\/\">Jam\u00f3n<\/a>\n\t\t\t\t\t\t\t\t\t<\/li>\n\t\t\t\t\t\t\t\t\t\t\t<li>\n\t\t\t\t\t<a href=\"https:\/\/vicentecabos.com\/vicalab\/chorizo\/\">Chorizo<\/a>\n\t\t\t\t\t\t\t\t\t<\/li>\n\t\t\t\t\t\t\t\t\t\t\t<li>\n\t\t\t\t\t<a href=\"https:\/\/vicentecabos.com\/vicalab\/mortadela\/\">Mortadela<\/a>\n\t\t\t\t\t\t\t\t\t<\/li>\n\t\t\t\t\t<\/ul>\n\n\t\t<\/nav><\/aside>\t\t\t\t<\/div>\n\t\t\t\t<\/div>\n\t\t\t\t\t<\/div>\n\t\t<\/div>\n\t\t\t\t\t<\/div>\n\t\t<\/section>\n\t\t\t\t<\/div>\n\t\t","protected":false},"excerpt":{"rendered":"<p>Este registro es efectivo en las p\u00e1ginas Vicente Cabos y VicaLAB. Si ya realiz\u00f3 el registro en Vicente Cabos s\u00f3lo debe iniciar sesi\u00f3n<\/p>\n","protected":false},"author":1,"featured_media":0,"parent":0,"menu_order":0,"comment_status":"closed","ping_status":"closed","template":"elementor_header_footer","meta":{"site-sidebar-layout":"no-sidebar","site-content-layout":"default","ast-site-content-layout":"default","site-content-style":"default","site-sidebar-style":"default","ast-global-header-display":"","ast-banner-title-visibility":"","ast-main-header-display":"","ast-hfb-above-header-display":"","ast-hfb-below-header-display":"","ast-hfb-mobile-header-display":"","site-post-title":"disabled","ast-breadcrumbs-content":"","ast-featured-img":"","footer-sml-layout":"","ast-disable-related-posts":"","theme-transparent-header-meta":"enabled","adv-header-id-meta":"","stick-header-meta":"","header-above-stick-meta":"","header-main-stick-meta":"","header-below-stick-meta":"","astra-migrate-meta-layouts":"default","ast-page-background-enabled":"default","ast-page-background-meta":{"desktop":{"background-color":"var(--ast-global-color-4)","background-image":"","background-repeat":"repeat","background-position":"center center","background-size":"auto","background-attachment":"scroll","background-type":"","background-media":"","overlay-type":"","overlay-color":"","overlay-opacity":"","overlay-gradient":""},"tablet":{"background-color":"","background-image":"","background-repeat":"repeat","background-position":"center center","background-size":"auto","background-attachment":"scroll","background-type":"","background-media":"","overlay-type":"","overlay-color":"","overlay-opacity":"","overlay-gradient":""},"mobile":{"background-color":"","background-image":"","background-repeat":"repeat","background-position":"center center","background-size":"auto","background-attachment":"scroll","background-type":"","background-media":"","overlay-type":"","overlay-color":"","overlay-opacity":"","overlay-gradient":""}},"ast-content-background-meta":{"desktop":{"background-color":"var(--ast-global-color-5)","background-image":"","background-repeat":"repeat","background-position":"center center","background-size":"auto","background-attachment":"scroll","background-type":"","background-media":"","overlay-type":"","overlay-color":"","overlay-opacity":"","overlay-gradient":""},"tablet":{"background-color":"var(--ast-global-color-5)","background-image":"","background-repeat":"repeat","background-position":"center center","background-size":"auto","background-attachment":"scroll","background-type":"","background-media":"","overlay-type":"","overlay-color":"","overlay-opacity":"","overlay-gradient":""},"mobile":{"background-color":"var(--ast-global-color-5)","background-image":"","background-repeat":"repeat","background-position":"center center","background-size":"auto","background-attachment":"scroll","background-type":"","background-media":"","overlay-type":"","overlay-color":"","overlay-opacity":"","overlay-gradient":""}},"footnotes":""},"class_list":["post-16","page","type-page","status-publish","hentry"],"yoast_head":"<!-- This site is optimized with the Yoast SEO plugin v26.8 - https:\/\/yoast.com\/product\/yoast-seo-wordpress\/ -->\n<title>Registro |<\/title>\n<meta name=\"robots\" content=\"index, follow, max-snippet:-1, max-image-preview:large, max-video-preview:-1\" \/>\n<link rel=\"canonical\" href=\"https:\/\/vicentecabos.com\/vicalab\/register\/\" \/>\n<meta property=\"og:locale\" content=\"es_ES\" \/>\n<meta property=\"og:type\" content=\"article\" \/>\n<meta property=\"og:title\" content=\"Registro |\" \/>\n<meta property=\"og:description\" content=\"Este registro es efectivo en las p\u00e1ginas Vicente Cabos y VicaLAB. Si ya realiz\u00f3 el registro en Vicente Cabos s\u00f3lo debe iniciar sesi\u00f3n\" \/>\n<meta property=\"og:url\" content=\"https:\/\/vicentecabos.com\/vicalab\/register\/\" \/>\n<meta property=\"article:modified_time\" content=\"2020-09-29T12:43:57+00:00\" \/>\n<meta name=\"twitter:card\" content=\"summary_large_image\" \/>\n<script type=\"application\/ld+json\" class=\"yoast-schema-graph\">{\"@context\":\"https:\/\/schema.org\",\"@graph\":[{\"@type\":\"WebPage\",\"@id\":\"https:\/\/vicentecabos.com\/vicalab\/register\/\",\"url\":\"https:\/\/vicentecabos.com\/vicalab\/register\/\",\"name\":\"Registro |\",\"isPartOf\":{\"@id\":\"https:\/\/vicentecabos.com\/vicalab\/#website\"},\"datePublished\":\"2020-09-11T23:38:47+00:00\",\"dateModified\":\"2020-09-29T12:43:57+00:00\",\"breadcrumb\":{\"@id\":\"https:\/\/vicentecabos.com\/vicalab\/register\/#breadcrumb\"},\"inLanguage\":\"es\",\"potentialAction\":[{\"@type\":\"ReadAction\",\"target\":[\"https:\/\/vicentecabos.com\/vicalab\/register\/\"]}]},{\"@type\":\"BreadcrumbList\",\"@id\":\"https:\/\/vicentecabos.com\/vicalab\/register\/#breadcrumb\",\"itemListElement\":[{\"@type\":\"ListItem\",\"position\":1,\"name\":\"Portada\",\"item\":\"https:\/\/vicentecabos.com\/vicalab\/\"},{\"@type\":\"ListItem\",\"position\":2,\"name\":\"Registro\"}]},{\"@type\":\"WebSite\",\"@id\":\"https:\/\/vicentecabos.com\/vicalab\/#website\",\"url\":\"https:\/\/vicentecabos.com\/vicalab\/\",\"name\":\"\",\"description\":\"\",\"publisher\":{\"@id\":\"https:\/\/vicentecabos.com\/vicalab\/#organization\"},\"potentialAction\":[{\"@type\":\"SearchAction\",\"target\":{\"@type\":\"EntryPoint\",\"urlTemplate\":\"https:\/\/vicentecabos.com\/vicalab\/?s={search_term_string}\"},\"query-input\":{\"@type\":\"PropertyValueSpecification\",\"valueRequired\":true,\"valueName\":\"search_term_string\"}}],\"inLanguage\":\"es\"},{\"@type\":\"Organization\",\"@id\":\"https:\/\/vicentecabos.com\/vicalab\/#organization\",\"name\":\"VicaLAB\",\"url\":\"https:\/\/vicentecabos.com\/vicalab\/\",\"logo\":{\"@type\":\"ImageObject\",\"inLanguage\":\"es\",\"@id\":\"https:\/\/vicentecabos.com\/vicalab\/#\/schema\/logo\/image\/\",\"url\":\"https:\/\/vicentecabos.com\/vicalab\/wp-content\/uploads\/sites\/4\/2020\/09\/LogoVicaLabGris.png\",\"contentUrl\":\"https:\/\/vicentecabos.com\/vicalab\/wp-content\/uploads\/sites\/4\/2020\/09\/LogoVicaLabGris.png\",\"width\":323,\"height\":94,\"caption\":\"VicaLAB\"},\"image\":{\"@id\":\"https:\/\/vicentecabos.com\/vicalab\/#\/schema\/logo\/image\/\"}}]}<\/script>\n<!-- \/ Yoast SEO plugin. -->","yoast_head_json":{"title":"Registro |","robots":{"index":"index","follow":"follow","max-snippet":"max-snippet:-1","max-image-preview":"max-image-preview:large","max-video-preview":"max-video-preview:-1"},"canonical":"https:\/\/vicentecabos.com\/vicalab\/register\/","og_locale":"es_ES","og_type":"article","og_title":"Registro |","og_description":"Este registro es efectivo en las p\u00e1ginas Vicente Cabos y VicaLAB. Si ya realiz\u00f3 el registro en Vicente Cabos s\u00f3lo debe iniciar sesi\u00f3n","og_url":"https:\/\/vicentecabos.com\/vicalab\/register\/","article_modified_time":"2020-09-29T12:43:57+00:00","twitter_card":"summary_large_image","schema":{"@context":"https:\/\/schema.org","@graph":[{"@type":"WebPage","@id":"https:\/\/vicentecabos.com\/vicalab\/register\/","url":"https:\/\/vicentecabos.com\/vicalab\/register\/","name":"Registro |","isPartOf":{"@id":"https:\/\/vicentecabos.com\/vicalab\/#website"},"datePublished":"2020-09-11T23:38:47+00:00","dateModified":"2020-09-29T12:43:57+00:00","breadcrumb":{"@id":"https:\/\/vicentecabos.com\/vicalab\/register\/#breadcrumb"},"inLanguage":"es","potentialAction":[{"@type":"ReadAction","target":["https:\/\/vicentecabos.com\/vicalab\/register\/"]}]},{"@type":"BreadcrumbList","@id":"https:\/\/vicentecabos.com\/vicalab\/register\/#breadcrumb","itemListElement":[{"@type":"ListItem","position":1,"name":"Portada","item":"https:\/\/vicentecabos.com\/vicalab\/"},{"@type":"ListItem","position":2,"name":"Registro"}]},{"@type":"WebSite","@id":"https:\/\/vicentecabos.com\/vicalab\/#website","url":"https:\/\/vicentecabos.com\/vicalab\/","name":"","description":"","publisher":{"@id":"https:\/\/vicentecabos.com\/vicalab\/#organization"},"potentialAction":[{"@type":"SearchAction","target":{"@type":"EntryPoint","urlTemplate":"https:\/\/vicentecabos.com\/vicalab\/?s={search_term_string}"},"query-input":{"@type":"PropertyValueSpecification","valueRequired":true,"valueName":"search_term_string"}}],"inLanguage":"es"},{"@type":"Organization","@id":"https:\/\/vicentecabos.com\/vicalab\/#organization","name":"VicaLAB","url":"https:\/\/vicentecabos.com\/vicalab\/","logo":{"@type":"ImageObject","inLanguage":"es","@id":"https:\/\/vicentecabos.com\/vicalab\/#\/schema\/logo\/image\/","url":"https:\/\/vicentecabos.com\/vicalab\/wp-content\/uploads\/sites\/4\/2020\/09\/LogoVicaLabGris.png","contentUrl":"https:\/\/vicentecabos.com\/vicalab\/wp-content\/uploads\/sites\/4\/2020\/09\/LogoVicaLabGris.png","width":323,"height":94,"caption":"VicaLAB"},"image":{"@id":"https:\/\/vicentecabos.com\/vicalab\/#\/schema\/logo\/image\/"}}]}},"_links":{"self":[{"href":"https:\/\/vicentecabos.com\/vicalab\/wp-json\/wp\/v2\/pages\/16","targetHints":{"allow":["GET"]}}],"collection":[{"href":"https:\/\/vicentecabos.com\/vicalab\/wp-json\/wp\/v2\/pages"}],"about":[{"href":"https:\/\/vicentecabos.com\/vicalab\/wp-json\/wp\/v2\/types\/page"}],"author":[{"embeddable":true,"href":"https:\/\/vicentecabos.com\/vicalab\/wp-json\/wp\/v2\/users\/1"}],"replies":[{"embeddable":true,"href":"https:\/\/vicentecabos.com\/vicalab\/wp-json\/wp\/v2\/comments?post=16"}],"version-history":[{"count":10,"href":"https:\/\/vicentecabos.com\/vicalab\/wp-json\/wp\/v2\/pages\/16\/revisions"}],"predecessor-version":[{"id":189,"href":"https:\/\/vicentecabos.com\/vicalab\/wp-json\/wp\/v2\/pages\/16\/revisions\/189"}],"wp:attachment":[{"href":"https:\/\/vicentecabos.com\/vicalab\/wp-json\/wp\/v2\/media?parent=16"}],"curies":[{"name":"wp","href":"https:\/\/api.w.org\/{rel}","templated":true}]}}