{"id":192,"date":"2020-09-29T13:29:36","date_gmt":"2020-09-29T13:29:36","guid":{"rendered":"https:\/\/vicentecabos.com\/vicalab\/?page_id=192"},"modified":"2020-09-29T13:46:41","modified_gmt":"2020-09-29T13:46:41","slug":"solicita-tu-formula","status":"publish","type":"page","link":"https:\/\/vicentecabos.com\/vicalab\/solicita-tu-formula\/","title":{"rendered":"Solicita tu f\u00f3rmula"},"content":{"rendered":"\t\t<div data-elementor-type=\"wp-page\" data-elementor-id=\"192\" class=\"elementor elementor-192\" data-elementor-settings=\"{&quot;ha_cmc_init_switcher&quot;:&quot;no&quot;}\">\n\t\t\t\t\t\t<section class=\"elementor-section elementor-top-section elementor-element elementor-element-1f305f8 elementor-section-boxed elementor-section-height-default elementor-section-height-default\" data-id=\"1f305f8\" data-element_type=\"section\" data-e-type=\"section\" data-settings=\"{&quot;_ha_eqh_enable&quot;:false}\">\n\t\t\t\t\t\t<div class=\"elementor-container elementor-column-gap-default\">\n\t\t\t\t\t<div class=\"elementor-column elementor-col-66 elementor-top-column elementor-element elementor-element-4eabe4e\" data-id=\"4eabe4e\" data-element_type=\"column\" data-e-type=\"column\" data-settings=\"{&quot;background_background&quot;:&quot;classic&quot;}\">\n\t\t\t<div class=\"elementor-widget-wrap elementor-element-populated\">\n\t\t\t\t\t\t<div class=\"elementor-element elementor-element-1f55bca elementor-widget elementor-widget-text-editor\" data-id=\"1f55bca\" data-element_type=\"widget\" data-e-type=\"widget\" data-widget_type=\"text-editor.default\">\n\t\t\t\t<div class=\"elementor-widget-container\">\n\t\t\t\t\t\t\t\t\t<h3>Llena el siguiente formulario, queremos conocer tus requerimientos.<\/h3><p>Pronto estaremos generando la f\u00f3rmula de tu producto.<\/p>\t\t\t\t\t\t\t\t<\/div>\n\t\t\t\t<\/div>\n\t\t\t\t<div class=\"elementor-element elementor-element-28dbd82 ha-form-btn--center elementor-widget elementor-widget-ha-wpform happy-addon ha-wpform\" data-id=\"28dbd82\" data-element_type=\"widget\" data-e-type=\"widget\" data-widget_type=\"ha-wpform.default\">\n\t\t\t\t<div class=\"elementor-widget-container\">\n\t\t\t\t\t<div class=\"wpforms-container wpforms-container-full\" id=\"wpforms-191\"><form id=\"wpforms-form-191\" class=\"wpforms-validate wpforms-form\" data-formid=\"191\" method=\"post\" enctype=\"multipart\/form-data\" action=\"\/vicalab\/wp-json\/wp\/v2\/pages\/192\" data-token=\"01eab2955ef9dab5faefb482cfa344a3\" data-token-time=\"1777558508\"><noscript class=\"wpforms-error-noscript\">Por favor, activa JavaScript en tu navegador para completar este formulario.<\/noscript><div class=\"wpforms-field-container\"><div id=\"wpforms-191-field_1-container\" class=\"wpforms-field wpforms-field-name\" data-field-id=\"1\"><label class=\"wpforms-field-label\">Nombre <span class=\"wpforms-required-label\">*<\/span><\/label><div class=\"wpforms-field-row wpforms-field-large\"><div class=\"wpforms-field-row-block wpforms-first wpforms-one-half\"><input type=\"text\" id=\"wpforms-191-field_1\" class=\"wpforms-field-name-first wpforms-field-required\" name=\"wpforms[fields][1][first]\" required><label for=\"wpforms-191-field_1\" class=\"wpforms-field-sublabel after\">Nombre<\/label><\/div><div class=\"wpforms-field-row-block wpforms-one-half\"><input type=\"text\" id=\"wpforms-191-field_1-last\" class=\"wpforms-field-name-last wpforms-field-required\" name=\"wpforms[fields][1][last]\" required><label for=\"wpforms-191-field_1-last\" class=\"wpforms-field-sublabel after\">Apellidos<\/label><\/div><\/div><\/div><div id=\"wpforms-191-field_2-container\" class=\"wpforms-field wpforms-field-email\" data-field-id=\"2\"><label class=\"wpforms-field-label\" for=\"wpforms-191-field_2\">Correo electr\u00f3nico <span class=\"wpforms-required-label\">*<\/span><\/label><input type=\"email\" id=\"wpforms-191-field_2\" class=\"wpforms-field-medium wpforms-field-required\" name=\"wpforms[fields][2]\" spellcheck=\"false\" required><\/div><div id=\"wpforms-191-field_3-container\" class=\"wpforms-field wpforms-field-text wpforms-one-half wpforms-first\" data-field-id=\"3\"><label class=\"wpforms-field-label\" for=\"wpforms-191-field_3\">Tel\u00e9fono celular <span class=\"wpforms-required-label\">*<\/span><\/label><input type=\"text\" id=\"wpforms-191-field_3\" class=\"wpforms-field-large wpforms-field-required\" name=\"wpforms[fields][3]\" placeholder=\"(04XX)  XXX XX XX\" required><\/div><div id=\"wpforms-191-field_4-container\" class=\"wpforms-field wpforms-field-text wpforms-one-half\" data-field-id=\"4\"><label class=\"wpforms-field-label\" for=\"wpforms-191-field_4\">Otro tel\u00e9fono<\/label><input type=\"text\" id=\"wpforms-191-field_4\" class=\"wpforms-field-large\" name=\"wpforms[fields][4]\" ><\/div><div id=\"wpforms-191-field_5-container\" class=\"wpforms-field wpforms-field-text\" data-field-id=\"5\"><label class=\"wpforms-field-label\" for=\"wpforms-191-field_5\">Empresa <span class=\"wpforms-required-label\">*<\/span><\/label><input type=\"text\" id=\"wpforms-191-field_5\" class=\"wpforms-field-large wpforms-field-required\" name=\"wpforms[fields][5]\" required><\/div><div id=\"wpforms-191-field_6-container\" class=\"wpforms-field wpforms-field-text\" data-field-id=\"6\"><label class=\"wpforms-field-label\" for=\"wpforms-191-field_6\">Cargo en la empresa <span class=\"wpforms-required-label\">*<\/span><\/label><input type=\"text\" id=\"wpforms-191-field_6\" class=\"wpforms-field-medium wpforms-field-required\" name=\"wpforms[fields][6]\" required><\/div><div id=\"wpforms-191-field_7-container\" class=\"wpforms-field wpforms-field-checkbox\" data-field-id=\"7\"><label class=\"wpforms-field-label\">\u00bfQu\u00e9 servicio requiere? <span class=\"wpforms-required-label\">*<\/span><\/label><ul id=\"wpforms-191-field_7\" class=\"wpforms-field-required\"><li class=\"choice-1 depth-1\"><input type=\"checkbox\" id=\"wpforms-191-field_7_1\" name=\"wpforms[fields][7][]\" value=\"Crear nueva f\u00f3rmula (requiere crear la f\u00f3rmula para un producto nuevo)\" required ><label class=\"wpforms-field-label-inline\" for=\"wpforms-191-field_7_1\">Crear nueva f\u00f3rmula (requiere crear la f\u00f3rmula para un producto nuevo)<\/label><\/li><li class=\"choice-2 depth-1\"><input type=\"checkbox\" id=\"wpforms-191-field_7_2\" name=\"wpforms[fields][7][]\" value=\"Modificar f\u00f3rmula (requiere cambiar la f\u00f3rmula de su producto)\" required ><label class=\"wpforms-field-label-inline\" for=\"wpforms-191-field_7_2\">Modificar f\u00f3rmula (requiere cambiar la f\u00f3rmula de su producto)<\/label><\/li><li class=\"choice-3 depth-1\"><input type=\"checkbox\" id=\"wpforms-191-field_7_3\" name=\"wpforms[fields][7][]\" value=\"Mejorar su f\u00f3rmula (requiere mejorar la calidad de su producto)\" required ><label class=\"wpforms-field-label-inline\" for=\"wpforms-191-field_7_3\">Mejorar su f\u00f3rmula (requiere mejorar la calidad de su producto)<\/label><\/li><li class=\"choice-4 depth-1\"><input type=\"checkbox\" id=\"wpforms-191-field_7_4\" name=\"wpforms[fields][7][]\" value=\"Replantear formula (no consigue uno de los ingredientes habituales de su f\u00f3rmula y necesita hacer adecuaciones para que mantenga su esencia)\" required ><label class=\"wpforms-field-label-inline\" for=\"wpforms-191-field_7_4\">Replantear formula (no consigue uno de los ingredientes habituales de su f\u00f3rmula y necesita hacer adecuaciones para que mantenga su esencia)<\/label><\/li><\/ul><div class=\"wpforms-field-description\">Elija la opci\u00f3n u opciones de servicios que requiera<\/div><\/div><div id=\"wpforms-191-field_8-container\" class=\"wpforms-field wpforms-field-textarea\" data-field-id=\"8\"><label class=\"wpforms-field-label\" for=\"wpforms-191-field_8\">\u00bfPara cu\u00e1l(es) producto(s)requiere nuestro servicio? (Enumere colocando uno por l\u00ednea) <span class=\"wpforms-required-label\">*<\/span><\/label><textarea id=\"wpforms-191-field_8\" class=\"wpforms-field-medium wpforms-field-required\" name=\"wpforms[fields][8]\" required><\/textarea><\/div><div id=\"wpforms-191-field_9-container\" class=\"wpforms-field wpforms-field-textarea\" data-field-id=\"9\"><label class=\"wpforms-field-label\" for=\"wpforms-191-field_9\">Consideraci\u00f3n adicional<\/label><textarea id=\"wpforms-191-field_9\" class=\"wpforms-field-medium\" name=\"wpforms[fields][9]\" ><\/textarea><div class=\"wpforms-field-description\">Si tiene alguna consideraci\u00f3n adicional col\u00f3quela en este item<\/div><\/div><\/div><!-- .wpforms-field-container --><div class=\"wpforms-recaptcha-container wpforms-is-recaptcha wpforms-is-recaptcha-type-v2\" ><div class=\"g-recaptcha\" data-sitekey=\"6LfNPMsZAAAAAI6Cnm3Ckj-nBhogwJsSm8pAf1H4\"><\/div><input type=\"text\" name=\"g-recaptcha-hidden\" class=\"wpforms-recaptcha-hidden\" style=\"position:absolute!important;clip:rect(0,0,0,0)!important;height:1px!important;width:1px!important;border:0!important;overflow:hidden!important;padding:0!important;margin:0!important;\" data-rule-recaptcha=\"1\"><\/div><div class=\"wpforms-submit-container\" ><input type=\"hidden\" name=\"wpforms[id]\" value=\"191\"><input type=\"hidden\" name=\"page_title\" value=\"\"><input type=\"hidden\" name=\"page_url\" value=\"https:\/\/vicentecabos.com\/vicalab\/wp-json\/wp\/v2\/pages\/192\"><input type=\"hidden\" name=\"url_referer\" value=\"\"><button type=\"submit\" name=\"wpforms[submit]\" id=\"wpforms-submit-191\" class=\"wpforms-submit\" data-alt-text=\"Procesando...\" data-submit-text=\"Solicitar f\u00f3rmula\" aria-live=\"assertive\" value=\"wpforms-submit\">Solicitar f\u00f3rmula<\/button><\/div><\/form><\/div>  <!-- .wpforms-container -->\t\t\t\t<\/div>\n\t\t\t\t<\/div>\n\t\t\t\t\t<\/div>\n\t\t<\/div>\n\t\t\t\t<div class=\"elementor-column elementor-col-33 elementor-top-column elementor-element elementor-element-1ce26e9 elementor-hidden-tablet elementor-hidden-phone\" data-id=\"1ce26e9\" data-element_type=\"column\" data-e-type=\"column\">\n\t\t\t<div class=\"elementor-widget-wrap elementor-element-populated\">\n\t\t\t\t\t\t<div class=\"elementor-element elementor-element-888985b elementor-widget elementor-widget-sidebar\" data-id=\"888985b\" data-element_type=\"widget\" data-e-type=\"widget\" data-widget_type=\"sidebar.default\">\n\t\t\t\t<div class=\"elementor-widget-container\">\n\t\t\t\t\t<aside id=\"media_image-4\" class=\"widget widget_media_image\"><a href=\"https:\/\/vicentecabos.com\"><img fetchpriority=\"high\" decoding=\"async\" width=\"325\" height=\"600\" src=\"https:\/\/vicentecabos.com\/vicalab\/wp-content\/uploads\/sites\/4\/2020\/09\/BannerVica.gif\" class=\"image wp-image-127  attachment-full size-full\" alt=\"\" style=\"max-width: 100%; height: auto;\" \/><\/a><\/aside>\n\t\t<aside id=\"recent-posts-3\" class=\"widget widget_recent_entries\">\n\t\t<h2 class=\"widget-title\">F\u00f3rmulas B\u00e1sicas<\/h2><nav aria-label=\"F\u00f3rmulas B\u00e1sicas\">\n\t\t<ul>\n\t\t\t\t\t\t\t\t\t\t\t<li>\n\t\t\t\t\t<a href=\"https:\/\/vicentecabos.com\/vicalab\/salchicha\/\">Salchicha<\/a>\n\t\t\t\t\t\t\t\t\t<\/li>\n\t\t\t\t\t\t\t\t\t\t\t<li>\n\t\t\t\t\t<a href=\"https:\/\/vicentecabos.com\/vicalab\/jamon\/\">Jam\u00f3n<\/a>\n\t\t\t\t\t\t\t\t\t<\/li>\n\t\t\t\t\t\t\t\t\t\t\t<li>\n\t\t\t\t\t<a href=\"https:\/\/vicentecabos.com\/vicalab\/chorizo\/\">Chorizo<\/a>\n\t\t\t\t\t\t\t\t\t<\/li>\n\t\t\t\t\t\t\t\t\t\t\t<li>\n\t\t\t\t\t<a href=\"https:\/\/vicentecabos.com\/vicalab\/mortadela\/\">Mortadela<\/a>\n\t\t\t\t\t\t\t\t\t<\/li>\n\t\t\t\t\t<\/ul>\n\n\t\t<\/nav><\/aside>\t\t\t\t<\/div>\n\t\t\t\t<\/div>\n\t\t\t\t\t<\/div>\n\t\t<\/div>\n\t\t\t\t\t<\/div>\n\t\t<\/section>\n\t\t\t\t<\/div>\n\t\t","protected":false},"excerpt":{"rendered":"<p>Llena el siguiente formulario, queremos conocer tus requerimientos. Pronto estaremos generando la f\u00f3rmula de tu producto. Por favor, activa JavaScript en tu navegador para completar este formulario.Nombre *NombreApellidosCorreo electr\u00f3nico *Tel\u00e9fono celular *Otro tel\u00e9fonoEmpresa *Cargo en la empresa *\u00bfQu\u00e9 servicio requiere? * Crear nueva f\u00f3rmula (requiere crear la f\u00f3rmula para un producto nuevo) Modificar f\u00f3rmula (requiere [&hellip;]<\/p>\n","protected":false},"author":1,"featured_media":0,"parent":0,"menu_order":0,"comment_status":"closed","ping_status":"closed","template":"","meta":{"site-sidebar-layout":"no-sidebar","site-content-layout":"page-builder","ast-site-content-layout":"default","site-content-style":"default","site-sidebar-style":"default","ast-global-header-display":"","ast-banner-title-visibility":"","ast-main-header-display":"","ast-hfb-above-header-display":"","ast-hfb-below-header-display":"","ast-hfb-mobile-header-display":"","site-post-title":"disabled","ast-breadcrumbs-content":"","ast-featured-img":"disabled","footer-sml-layout":"","ast-disable-related-posts":"","theme-transparent-header-meta":"default","adv-header-id-meta":"","stick-header-meta":"","header-above-stick-meta":"","header-main-stick-meta":"","header-below-stick-meta":"","astra-migrate-meta-layouts":"default","ast-page-background-enabled":"default","ast-page-background-meta":{"desktop":{"background-color":"var(--ast-global-color-4)","background-image":"","background-repeat":"repeat","background-position":"center center","background-size":"auto","background-attachment":"scroll","background-type":"","background-media":"","overlay-type":"","overlay-color":"","overlay-opacity":"","overlay-gradient":""},"tablet":{"background-color":"","background-image":"","background-repeat":"repeat","background-position":"center center","background-size":"auto","background-attachment":"scroll","background-type":"","background-media":"","overlay-type":"","overlay-color":"","overlay-opacity":"","overlay-gradient":""},"mobile":{"background-color":"","background-image":"","background-repeat":"repeat","background-position":"center center","background-size":"auto","background-attachment":"scroll","background-type":"","background-media":"","overlay-type":"","overlay-color":"","overlay-opacity":"","overlay-gradient":""}},"ast-content-background-meta":{"desktop":{"background-color":"var(--ast-global-color-5)","background-image":"","background-repeat":"repeat","background-position":"center center","background-size":"auto","background-attachment":"scroll","background-type":"","background-media":"","overlay-type":"","overlay-color":"","overlay-opacity":"","overlay-gradient":""},"tablet":{"background-color":"var(--ast-global-color-5)","background-image":"","background-repeat":"repeat","background-position":"center center","background-size":"auto","background-attachment":"scroll","background-type":"","background-media":"","overlay-type":"","overlay-color":"","overlay-opacity":"","overlay-gradient":""},"mobile":{"background-color":"var(--ast-global-color-5)","background-image":"","background-repeat":"repeat","background-position":"center center","background-size":"auto","background-attachment":"scroll","background-type":"","background-media":"","overlay-type":"","overlay-color":"","overlay-opacity":"","overlay-gradient":""}},"footnotes":""},"class_list":["post-192","page","type-page","status-publish","hentry"],"yoast_head":"<!-- This site is optimized with the Yoast SEO plugin v26.8 - https:\/\/yoast.com\/product\/yoast-seo-wordpress\/ -->\n<title>Solicita tu f\u00f3rmula |<\/title>\n<meta name=\"robots\" content=\"index, follow, max-snippet:-1, max-image-preview:large, max-video-preview:-1\" \/>\n<link rel=\"canonical\" href=\"https:\/\/vicentecabos.com\/vicalab\/solicita-tu-formula\/\" \/>\n<meta property=\"og:locale\" content=\"es_ES\" \/>\n<meta property=\"og:type\" content=\"article\" \/>\n<meta property=\"og:title\" content=\"Solicita tu f\u00f3rmula |\" \/>\n<meta property=\"og:description\" content=\"Llena el siguiente formulario, queremos conocer tus requerimientos. Pronto estaremos generando la f\u00f3rmula de tu producto. Por favor, activa JavaScript en tu navegador para completar este formulario.Nombre *NombreApellidosCorreo electr\u00f3nico *Tel\u00e9fono celular *Otro tel\u00e9fonoEmpresa *Cargo en la empresa *\u00bfQu\u00e9 servicio requiere? * Crear nueva f\u00f3rmula (requiere crear la f\u00f3rmula para un producto nuevo) Modificar f\u00f3rmula (requiere [&hellip;]\" \/>\n<meta property=\"og:url\" content=\"https:\/\/vicentecabos.com\/vicalab\/solicita-tu-formula\/\" \/>\n<meta property=\"article:modified_time\" content=\"2020-09-29T13:46:41+00:00\" \/>\n<meta name=\"twitter:card\" content=\"summary_large_image\" \/>\n<meta name=\"twitter:label1\" content=\"Tiempo de lectura\" \/>\n\t<meta name=\"twitter:data1\" content=\"1 minuto\" \/>\n<script type=\"application\/ld+json\" class=\"yoast-schema-graph\">{\"@context\":\"https:\/\/schema.org\",\"@graph\":[{\"@type\":\"WebPage\",\"@id\":\"https:\/\/vicentecabos.com\/vicalab\/solicita-tu-formula\/\",\"url\":\"https:\/\/vicentecabos.com\/vicalab\/solicita-tu-formula\/\",\"name\":\"Solicita tu f\u00f3rmula |\",\"isPartOf\":{\"@id\":\"https:\/\/vicentecabos.com\/vicalab\/#website\"},\"datePublished\":\"2020-09-29T13:29:36+00:00\",\"dateModified\":\"2020-09-29T13:46:41+00:00\",\"breadcrumb\":{\"@id\":\"https:\/\/vicentecabos.com\/vicalab\/solicita-tu-formula\/#breadcrumb\"},\"inLanguage\":\"es\",\"potentialAction\":[{\"@type\":\"ReadAction\",\"target\":[\"https:\/\/vicentecabos.com\/vicalab\/solicita-tu-formula\/\"]}]},{\"@type\":\"BreadcrumbList\",\"@id\":\"https:\/\/vicentecabos.com\/vicalab\/solicita-tu-formula\/#breadcrumb\",\"itemListElement\":[{\"@type\":\"ListItem\",\"position\":1,\"name\":\"Portada\",\"item\":\"https:\/\/vicentecabos.com\/vicalab\/\"},{\"@type\":\"ListItem\",\"position\":2,\"name\":\"Solicita tu f\u00f3rmula\"}]},{\"@type\":\"WebSite\",\"@id\":\"https:\/\/vicentecabos.com\/vicalab\/#website\",\"url\":\"https:\/\/vicentecabos.com\/vicalab\/\",\"name\":\"\",\"description\":\"\",\"publisher\":{\"@id\":\"https:\/\/vicentecabos.com\/vicalab\/#organization\"},\"potentialAction\":[{\"@type\":\"SearchAction\",\"target\":{\"@type\":\"EntryPoint\",\"urlTemplate\":\"https:\/\/vicentecabos.com\/vicalab\/?s={search_term_string}\"},\"query-input\":{\"@type\":\"PropertyValueSpecification\",\"valueRequired\":true,\"valueName\":\"search_term_string\"}}],\"inLanguage\":\"es\"},{\"@type\":\"Organization\",\"@id\":\"https:\/\/vicentecabos.com\/vicalab\/#organization\",\"name\":\"VicaLAB\",\"url\":\"https:\/\/vicentecabos.com\/vicalab\/\",\"logo\":{\"@type\":\"ImageObject\",\"inLanguage\":\"es\",\"@id\":\"https:\/\/vicentecabos.com\/vicalab\/#\/schema\/logo\/image\/\",\"url\":\"https:\/\/vicentecabos.com\/vicalab\/wp-content\/uploads\/sites\/4\/2020\/09\/LogoVicaLabGris.png\",\"contentUrl\":\"https:\/\/vicentecabos.com\/vicalab\/wp-content\/uploads\/sites\/4\/2020\/09\/LogoVicaLabGris.png\",\"width\":323,\"height\":94,\"caption\":\"VicaLAB\"},\"image\":{\"@id\":\"https:\/\/vicentecabos.com\/vicalab\/#\/schema\/logo\/image\/\"}}]}<\/script>\n<!-- \/ Yoast SEO plugin. -->","yoast_head_json":{"title":"Solicita tu f\u00f3rmula |","robots":{"index":"index","follow":"follow","max-snippet":"max-snippet:-1","max-image-preview":"max-image-preview:large","max-video-preview":"max-video-preview:-1"},"canonical":"https:\/\/vicentecabos.com\/vicalab\/solicita-tu-formula\/","og_locale":"es_ES","og_type":"article","og_title":"Solicita tu f\u00f3rmula |","og_description":"Llena el siguiente formulario, queremos conocer tus requerimientos. Pronto estaremos generando la f\u00f3rmula de tu producto. Por favor, activa JavaScript en tu navegador para completar este formulario.Nombre *NombreApellidosCorreo electr\u00f3nico *Tel\u00e9fono celular *Otro tel\u00e9fonoEmpresa *Cargo en la empresa *\u00bfQu\u00e9 servicio requiere? * Crear nueva f\u00f3rmula (requiere crear la f\u00f3rmula para un producto nuevo) Modificar f\u00f3rmula (requiere [&hellip;]","og_url":"https:\/\/vicentecabos.com\/vicalab\/solicita-tu-formula\/","article_modified_time":"2020-09-29T13:46:41+00:00","twitter_card":"summary_large_image","twitter_misc":{"Tiempo de lectura":"1 minuto"},"schema":{"@context":"https:\/\/schema.org","@graph":[{"@type":"WebPage","@id":"https:\/\/vicentecabos.com\/vicalab\/solicita-tu-formula\/","url":"https:\/\/vicentecabos.com\/vicalab\/solicita-tu-formula\/","name":"Solicita tu f\u00f3rmula |","isPartOf":{"@id":"https:\/\/vicentecabos.com\/vicalab\/#website"},"datePublished":"2020-09-29T13:29:36+00:00","dateModified":"2020-09-29T13:46:41+00:00","breadcrumb":{"@id":"https:\/\/vicentecabos.com\/vicalab\/solicita-tu-formula\/#breadcrumb"},"inLanguage":"es","potentialAction":[{"@type":"ReadAction","target":["https:\/\/vicentecabos.com\/vicalab\/solicita-tu-formula\/"]}]},{"@type":"BreadcrumbList","@id":"https:\/\/vicentecabos.com\/vicalab\/solicita-tu-formula\/#breadcrumb","itemListElement":[{"@type":"ListItem","position":1,"name":"Portada","item":"https:\/\/vicentecabos.com\/vicalab\/"},{"@type":"ListItem","position":2,"name":"Solicita tu f\u00f3rmula"}]},{"@type":"WebSite","@id":"https:\/\/vicentecabos.com\/vicalab\/#website","url":"https:\/\/vicentecabos.com\/vicalab\/","name":"","description":"","publisher":{"@id":"https:\/\/vicentecabos.com\/vicalab\/#organization"},"potentialAction":[{"@type":"SearchAction","target":{"@type":"EntryPoint","urlTemplate":"https:\/\/vicentecabos.com\/vicalab\/?s={search_term_string}"},"query-input":{"@type":"PropertyValueSpecification","valueRequired":true,"valueName":"search_term_string"}}],"inLanguage":"es"},{"@type":"Organization","@id":"https:\/\/vicentecabos.com\/vicalab\/#organization","name":"VicaLAB","url":"https:\/\/vicentecabos.com\/vicalab\/","logo":{"@type":"ImageObject","inLanguage":"es","@id":"https:\/\/vicentecabos.com\/vicalab\/#\/schema\/logo\/image\/","url":"https:\/\/vicentecabos.com\/vicalab\/wp-content\/uploads\/sites\/4\/2020\/09\/LogoVicaLabGris.png","contentUrl":"https:\/\/vicentecabos.com\/vicalab\/wp-content\/uploads\/sites\/4\/2020\/09\/LogoVicaLabGris.png","width":323,"height":94,"caption":"VicaLAB"},"image":{"@id":"https:\/\/vicentecabos.com\/vicalab\/#\/schema\/logo\/image\/"}}]}},"_links":{"self":[{"href":"https:\/\/vicentecabos.com\/vicalab\/wp-json\/wp\/v2\/pages\/192","targetHints":{"allow":["GET"]}}],"collection":[{"href":"https:\/\/vicentecabos.com\/vicalab\/wp-json\/wp\/v2\/pages"}],"about":[{"href":"https:\/\/vicentecabos.com\/vicalab\/wp-json\/wp\/v2\/types\/page"}],"author":[{"embeddable":true,"href":"https:\/\/vicentecabos.com\/vicalab\/wp-json\/wp\/v2\/users\/1"}],"replies":[{"embeddable":true,"href":"https:\/\/vicentecabos.com\/vicalab\/wp-json\/wp\/v2\/comments?post=192"}],"version-history":[{"count":4,"href":"https:\/\/vicentecabos.com\/vicalab\/wp-json\/wp\/v2\/pages\/192\/revisions"}],"predecessor-version":[{"id":197,"href":"https:\/\/vicentecabos.com\/vicalab\/wp-json\/wp\/v2\/pages\/192\/revisions\/197"}],"wp:attachment":[{"href":"https:\/\/vicentecabos.com\/vicalab\/wp-json\/wp\/v2\/media?parent=192"}],"curies":[{"name":"wp","href":"https:\/\/api.w.org\/{rel}","templated":true}]}}