{"id":20,"date":"2020-09-11T23:38:47","date_gmt":"2020-09-11T23:38:47","guid":{"rendered":"https:\/\/vicentecabos.com\/vicalab\/password-reset\/"},"modified":"2020-09-28T19:31:21","modified_gmt":"2020-09-28T19:31:21","slug":"password-reset","status":"publish","type":"page","link":"https:\/\/vicentecabos.com\/vicalab\/password-reset\/","title":{"rendered":"Restablecer la contrase\u00f1a"},"content":{"rendered":"\t\t<div data-elementor-type=\"wp-page\" data-elementor-id=\"20\" class=\"elementor elementor-20\" data-elementor-settings=\"{&quot;ha_cmc_init_switcher&quot;:&quot;no&quot;}\">\n\t\t\t\t\t\t<section class=\"elementor-section elementor-top-section elementor-element elementor-element-faac967 elementor-section-boxed elementor-section-height-default elementor-section-height-default\" data-id=\"faac967\" data-element_type=\"section\" data-e-type=\"section\" data-settings=\"{&quot;_ha_eqh_enable&quot;:false}\">\n\t\t\t\t\t\t<div class=\"elementor-container elementor-column-gap-default\">\n\t\t\t\t\t<div class=\"elementor-column elementor-col-50 elementor-top-column elementor-element elementor-element-65fa43a\" data-id=\"65fa43a\" data-element_type=\"column\" data-e-type=\"column\" data-settings=\"{&quot;background_background&quot;:&quot;classic&quot;}\">\n\t\t\t<div class=\"elementor-widget-wrap elementor-element-populated\">\n\t\t\t\t\t\t<div class=\"elementor-element elementor-element-d441869 elementor-widget elementor-widget-shortcode\" data-id=\"d441869\" data-element_type=\"widget\" data-e-type=\"widget\" data-widget_type=\"shortcode.default\">\n\t\t\t\t<div class=\"elementor-widget-container\">\n\t\t\t\t\t\t\t<div class=\"elementor-shortcode\"><div class=\"um um-password um-um_password_id\">\n\t<div class=\"um-form\">\n\t\t<form method=\"post\" action=\"\">\n\t\t\t\n\t\t\t\t<input type=\"hidden\" name=\"_um_password_reset\" id=\"_um_password_reset\" value=\"1\" \/>\n\n\t\t\t\t\t\t\t\t\t<div class=\"um-field um-field-block um-field-type_block\">\n\t\t\t\t\t\t<div class=\"um-field-block\">\n\t\t\t\t\t\t\t<div style=\"text-align:center;\">\n\t\t\t\t\t\t\t\tPara restablecer tu contrase\u00f1a, por favor, introduce a continuaci\u00f3n tu direcci\u00f3n de correo electr\u00f3nico o nombre de usuario.\t\t\t\t\t\t\t<\/div>\n\t\t\t\t\t\t<\/div>\n\t\t\t\t\t<\/div>\n\t\t\t\t\t<div  id=\"um_field_0_username_b\" class=\"um-field um-field-text  um-field-username_b um-field-text um-field-type_text\" data-key=\"username_b\"><div class=\"um-field-area\"><input  autocomplete=\"off\" class=\"um-form-field valid \" type=\"text\" name=\"username_b\" id=\"username_b\" value=\"\" placeholder=\"Introduce tu nombre de usuario o correo electr\u00f3nico\" data-validate=\"\" data-key=\"username_b\"  aria-invalid=\"false\" \/>\n\n\t\t\t\t\t\t<\/div><\/div>\n<div class=\"um-field\">\n\t<div class=\"g-recaptcha\" id=\"um-um_password_id\" data-type=\"image\" data-size=\"normal\" data-theme=\"light\" data-sitekey=\"6LfNPMsZAAAAAI6Cnm3Ckj-nBhogwJsSm8pAf1H4\"><\/div>\n<\/div>\n\n\n<script type=\"text\/javascript\">\n\t\n\t\tvar onloadCallback = function () {\n\t\t\tjQuery('.g-recaptcha').each( function (i) {\n\t\t\t\tgrecaptcha.render( jQuery(this).attr('id'), {\n\t\t\t\t\t'sitekey': jQuery(this).attr('data-sitekey'),\n\t\t\t\t\t'theme': jQuery(this).attr('data-theme')\n\t\t\t\t});\n\t\t\t});\n\t\t};\n\n\t\tfunction um_recaptcha_refresh() {\n\t\t\tjQuery('.g-recaptcha').html('');\n\t\t\tgrecaptcha.reset();\n\t\t\tonloadCallback();\n\t\t}\n\n\t<\/script>\n\t\t\t\t<div class=\"um-col-alt um-col-alt-b\">\n\t\t\t\t\t<div class=\"um-center\">\n\t\t\t\t\t\t<input type=\"submit\" value=\"Restablecer contrase\u00f1a\" class=\"um-button\" id=\"um-submit-btn\" \/>\n\t\t\t\t\t<\/div>\n\t\t\t\t\t<div class=\"um-clear\"><\/div>\n\t\t\t\t<\/div>\n\t\t\t\t\t<input type=\"hidden\" name=\"form_id\" id=\"form_id_um_password_id\" value=\"um_password_id\" \/>\n\t\t<p class=\"um_request_name\">\n\t\t<label for=\"um_request_um_password_id\">Only fill in if you are not human<\/label>\n\t\t<input type=\"hidden\" name=\"um_request\" id=\"um_request_um_password_id\" class=\"input\" value=\"\" size=\"25\" autocomplete=\"off\" \/>\n\t<\/p>\n\t\t\t<\/form>\n\t<\/div>\n<\/div>\n<style>\n\t\t\t.um-um_password_id.um {\n\t\t\tmax-width: 450px;\n\t\t}\n\t\t<\/style>\n<\/div>\n\t\t\t\t\t\t<\/div>\n\t\t\t\t<\/div>\n\t\t\t\t\t<\/div>\n\t\t<\/div>\n\t\t\t\t<div class=\"elementor-column elementor-col-50 elementor-top-column elementor-element elementor-element-bdf3d41\" data-id=\"bdf3d41\" data-element_type=\"column\" data-e-type=\"column\">\n\t\t\t<div class=\"elementor-widget-wrap elementor-element-populated\">\n\t\t\t\t\t\t<div class=\"elementor-element elementor-element-92e797f elementor-widget elementor-widget-sidebar\" data-id=\"92e797f\" data-element_type=\"widget\" data-e-type=\"widget\" data-widget_type=\"sidebar.default\">\n\t\t\t\t<div class=\"elementor-widget-container\">\n\t\t\t\t\t<aside id=\"media_image-4\" class=\"widget widget_media_image\"><a href=\"https:\/\/vicentecabos.com\"><img fetchpriority=\"high\" decoding=\"async\" width=\"325\" height=\"600\" src=\"https:\/\/vicentecabos.com\/vicalab\/wp-content\/uploads\/sites\/4\/2020\/09\/BannerVica.gif\" class=\"image wp-image-127  attachment-full size-full\" alt=\"\" style=\"max-width: 100%; height: auto;\" \/><\/a><\/aside>\n\t\t<aside id=\"recent-posts-3\" class=\"widget widget_recent_entries\">\n\t\t<h2 class=\"widget-title\">F\u00f3rmulas B\u00e1sicas<\/h2><nav aria-label=\"F\u00f3rmulas B\u00e1sicas\">\n\t\t<ul>\n\t\t\t\t\t\t\t\t\t\t\t<li>\n\t\t\t\t\t<a href=\"https:\/\/vicentecabos.com\/vicalab\/salchicha\/\">Salchicha<\/a>\n\t\t\t\t\t\t\t\t\t<\/li>\n\t\t\t\t\t\t\t\t\t\t\t<li>\n\t\t\t\t\t<a href=\"https:\/\/vicentecabos.com\/vicalab\/jamon\/\">Jam\u00f3n<\/a>\n\t\t\t\t\t\t\t\t\t<\/li>\n\t\t\t\t\t\t\t\t\t\t\t<li>\n\t\t\t\t\t<a href=\"https:\/\/vicentecabos.com\/vicalab\/chorizo\/\">Chorizo<\/a>\n\t\t\t\t\t\t\t\t\t<\/li>\n\t\t\t\t\t\t\t\t\t\t\t<li>\n\t\t\t\t\t<a href=\"https:\/\/vicentecabos.com\/vicalab\/mortadela\/\">Mortadela<\/a>\n\t\t\t\t\t\t\t\t\t<\/li>\n\t\t\t\t\t<\/ul>\n\n\t\t<\/nav><\/aside>\t\t\t\t<\/div>\n\t\t\t\t<\/div>\n\t\t\t\t\t<\/div>\n\t\t<\/div>\n\t\t\t\t\t<\/div>\n\t\t<\/section>\n\t\t\t\t<\/div>\n\t\t","protected":false},"excerpt":{"rendered":"","protected":false},"author":1,"featured_media":0,"parent":0,"menu_order":0,"comment_status":"closed","ping_status":"closed","template":"","meta":{"site-sidebar-layout":"no-sidebar","site-content-layout":"page-builder","ast-site-content-layout":"default","site-content-style":"default","site-sidebar-style":"default","ast-global-header-display":"","ast-banner-title-visibility":"","ast-main-header-display":"","ast-hfb-above-header-display":"","ast-hfb-below-header-display":"","ast-hfb-mobile-header-display":"","site-post-title":"disabled","ast-breadcrumbs-content":"disabled","ast-featured-img":"","footer-sml-layout":"","ast-disable-related-posts":"","theme-transparent-header-meta":"default","adv-header-id-meta":"","stick-header-meta":"","header-above-stick-meta":"","header-main-stick-meta":"","header-below-stick-meta":"","astra-migrate-meta-layouts":"default","ast-page-background-enabled":"default","ast-page-background-meta":{"desktop":{"background-color":"var(--ast-global-color-4)","background-image":"","background-repeat":"repeat","background-position":"center center","background-size":"auto","background-attachment":"scroll","background-type":"","background-media":"","overlay-type":"","overlay-color":"","overlay-opacity":"","overlay-gradient":""},"tablet":{"background-color":"","background-image":"","background-repeat":"repeat","background-position":"center center","background-size":"auto","background-attachment":"scroll","background-type":"","background-media":"","overlay-type":"","overlay-color":"","overlay-opacity":"","overlay-gradient":""},"mobile":{"background-color":"","background-image":"","background-repeat":"repeat","background-position":"center center","background-size":"auto","background-attachment":"scroll","background-type":"","background-media":"","overlay-type":"","overlay-color":"","overlay-opacity":"","overlay-gradient":""}},"ast-content-background-meta":{"desktop":{"background-color":"var(--ast-global-color-5)","background-image":"","background-repeat":"repeat","background-position":"center center","background-size":"auto","background-attachment":"scroll","background-type":"","background-media":"","overlay-type":"","overlay-color":"","overlay-opacity":"","overlay-gradient":""},"tablet":{"background-color":"var(--ast-global-color-5)","background-image":"","background-repeat":"repeat","background-position":"center center","background-size":"auto","background-attachment":"scroll","background-type":"","background-media":"","overlay-type":"","overlay-color":"","overlay-opacity":"","overlay-gradient":""},"mobile":{"background-color":"var(--ast-global-color-5)","background-image":"","background-repeat":"repeat","background-position":"center center","background-size":"auto","background-attachment":"scroll","background-type":"","background-media":"","overlay-type":"","overlay-color":"","overlay-opacity":"","overlay-gradient":""}},"footnotes":""},"class_list":["post-20","page","type-page","status-publish","hentry"],"yoast_head":"<!-- This site is optimized with the Yoast SEO plugin v26.8 - https:\/\/yoast.com\/product\/yoast-seo-wordpress\/ -->\n<title>Restablecer la contrase\u00f1a |<\/title>\n<meta name=\"robots\" content=\"index, follow, max-snippet:-1, max-image-preview:large, max-video-preview:-1\" \/>\n<link rel=\"canonical\" href=\"https:\/\/vicentecabos.com\/vicalab\/password-reset\/\" \/>\n<meta property=\"og:locale\" content=\"es_ES\" \/>\n<meta property=\"og:type\" content=\"article\" \/>\n<meta property=\"og:title\" content=\"Restablecer la contrase\u00f1a |\" \/>\n<meta property=\"og:url\" content=\"https:\/\/vicentecabos.com\/vicalab\/password-reset\/\" \/>\n<meta property=\"article:modified_time\" content=\"2020-09-28T19:31:21+00:00\" \/>\n<meta name=\"twitter:card\" content=\"summary_large_image\" \/>\n<script type=\"application\/ld+json\" class=\"yoast-schema-graph\">{\"@context\":\"https:\/\/schema.org\",\"@graph\":[{\"@type\":\"WebPage\",\"@id\":\"https:\/\/vicentecabos.com\/vicalab\/password-reset\/\",\"url\":\"https:\/\/vicentecabos.com\/vicalab\/password-reset\/\",\"name\":\"Restablecer la contrase\u00f1a |\",\"isPartOf\":{\"@id\":\"https:\/\/vicentecabos.com\/vicalab\/#website\"},\"datePublished\":\"2020-09-11T23:38:47+00:00\",\"dateModified\":\"2020-09-28T19:31:21+00:00\",\"breadcrumb\":{\"@id\":\"https:\/\/vicentecabos.com\/vicalab\/password-reset\/#breadcrumb\"},\"inLanguage\":\"es\",\"potentialAction\":[{\"@type\":\"ReadAction\",\"target\":[\"https:\/\/vicentecabos.com\/vicalab\/password-reset\/\"]}]},{\"@type\":\"BreadcrumbList\",\"@id\":\"https:\/\/vicentecabos.com\/vicalab\/password-reset\/#breadcrumb\",\"itemListElement\":[{\"@type\":\"ListItem\",\"position\":1,\"name\":\"Portada\",\"item\":\"https:\/\/vicentecabos.com\/vicalab\/\"},{\"@type\":\"ListItem\",\"position\":2,\"name\":\"Restablecer la contrase\u00f1a\"}]},{\"@type\":\"WebSite\",\"@id\":\"https:\/\/vicentecabos.com\/vicalab\/#website\",\"url\":\"https:\/\/vicentecabos.com\/vicalab\/\",\"name\":\"\",\"description\":\"\",\"publisher\":{\"@id\":\"https:\/\/vicentecabos.com\/vicalab\/#organization\"},\"potentialAction\":[{\"@type\":\"SearchAction\",\"target\":{\"@type\":\"EntryPoint\",\"urlTemplate\":\"https:\/\/vicentecabos.com\/vicalab\/?s={search_term_string}\"},\"query-input\":{\"@type\":\"PropertyValueSpecification\",\"valueRequired\":true,\"valueName\":\"search_term_string\"}}],\"inLanguage\":\"es\"},{\"@type\":\"Organization\",\"@id\":\"https:\/\/vicentecabos.com\/vicalab\/#organization\",\"name\":\"VicaLAB\",\"url\":\"https:\/\/vicentecabos.com\/vicalab\/\",\"logo\":{\"@type\":\"ImageObject\",\"inLanguage\":\"es\",\"@id\":\"https:\/\/vicentecabos.com\/vicalab\/#\/schema\/logo\/image\/\",\"url\":\"https:\/\/vicentecabos.com\/vicalab\/wp-content\/uploads\/sites\/4\/2020\/09\/LogoVicaLabGris.png\",\"contentUrl\":\"https:\/\/vicentecabos.com\/vicalab\/wp-content\/uploads\/sites\/4\/2020\/09\/LogoVicaLabGris.png\",\"width\":323,\"height\":94,\"caption\":\"VicaLAB\"},\"image\":{\"@id\":\"https:\/\/vicentecabos.com\/vicalab\/#\/schema\/logo\/image\/\"}}]}<\/script>\n<!-- \/ Yoast SEO plugin. -->","yoast_head_json":{"title":"Restablecer la contrase\u00f1a |","robots":{"index":"index","follow":"follow","max-snippet":"max-snippet:-1","max-image-preview":"max-image-preview:large","max-video-preview":"max-video-preview:-1"},"canonical":"https:\/\/vicentecabos.com\/vicalab\/password-reset\/","og_locale":"es_ES","og_type":"article","og_title":"Restablecer la contrase\u00f1a |","og_url":"https:\/\/vicentecabos.com\/vicalab\/password-reset\/","article_modified_time":"2020-09-28T19:31:21+00:00","twitter_card":"summary_large_image","schema":{"@context":"https:\/\/schema.org","@graph":[{"@type":"WebPage","@id":"https:\/\/vicentecabos.com\/vicalab\/password-reset\/","url":"https:\/\/vicentecabos.com\/vicalab\/password-reset\/","name":"Restablecer la contrase\u00f1a |","isPartOf":{"@id":"https:\/\/vicentecabos.com\/vicalab\/#website"},"datePublished":"2020-09-11T23:38:47+00:00","dateModified":"2020-09-28T19:31:21+00:00","breadcrumb":{"@id":"https:\/\/vicentecabos.com\/vicalab\/password-reset\/#breadcrumb"},"inLanguage":"es","potentialAction":[{"@type":"ReadAction","target":["https:\/\/vicentecabos.com\/vicalab\/password-reset\/"]}]},{"@type":"BreadcrumbList","@id":"https:\/\/vicentecabos.com\/vicalab\/password-reset\/#breadcrumb","itemListElement":[{"@type":"ListItem","position":1,"name":"Portada","item":"https:\/\/vicentecabos.com\/vicalab\/"},{"@type":"ListItem","position":2,"name":"Restablecer la contrase\u00f1a"}]},{"@type":"WebSite","@id":"https:\/\/vicentecabos.com\/vicalab\/#website","url":"https:\/\/vicentecabos.com\/vicalab\/","name":"","description":"","publisher":{"@id":"https:\/\/vicentecabos.com\/vicalab\/#organization"},"potentialAction":[{"@type":"SearchAction","target":{"@type":"EntryPoint","urlTemplate":"https:\/\/vicentecabos.com\/vicalab\/?s={search_term_string}"},"query-input":{"@type":"PropertyValueSpecification","valueRequired":true,"valueName":"search_term_string"}}],"inLanguage":"es"},{"@type":"Organization","@id":"https:\/\/vicentecabos.com\/vicalab\/#organization","name":"VicaLAB","url":"https:\/\/vicentecabos.com\/vicalab\/","logo":{"@type":"ImageObject","inLanguage":"es","@id":"https:\/\/vicentecabos.com\/vicalab\/#\/schema\/logo\/image\/","url":"https:\/\/vicentecabos.com\/vicalab\/wp-content\/uploads\/sites\/4\/2020\/09\/LogoVicaLabGris.png","contentUrl":"https:\/\/vicentecabos.com\/vicalab\/wp-content\/uploads\/sites\/4\/2020\/09\/LogoVicaLabGris.png","width":323,"height":94,"caption":"VicaLAB"},"image":{"@id":"https:\/\/vicentecabos.com\/vicalab\/#\/schema\/logo\/image\/"}}]}},"_links":{"self":[{"href":"https:\/\/vicentecabos.com\/vicalab\/wp-json\/wp\/v2\/pages\/20","targetHints":{"allow":["GET"]}}],"collection":[{"href":"https:\/\/vicentecabos.com\/vicalab\/wp-json\/wp\/v2\/pages"}],"about":[{"href":"https:\/\/vicentecabos.com\/vicalab\/wp-json\/wp\/v2\/types\/page"}],"author":[{"embeddable":true,"href":"https:\/\/vicentecabos.com\/vicalab\/wp-json\/wp\/v2\/users\/1"}],"replies":[{"embeddable":true,"href":"https:\/\/vicentecabos.com\/vicalab\/wp-json\/wp\/v2\/comments?post=20"}],"version-history":[{"count":2,"href":"https:\/\/vicentecabos.com\/vicalab\/wp-json\/wp\/v2\/pages\/20\/revisions"}],"predecessor-version":[{"id":182,"href":"https:\/\/vicentecabos.com\/vicalab\/wp-json\/wp\/v2\/pages\/20\/revisions\/182"}],"wp:attachment":[{"href":"https:\/\/vicentecabos.com\/vicalab\/wp-json\/wp\/v2\/media?parent=20"}],"curies":[{"name":"wp","href":"https:\/\/api.w.org\/{rel}","templated":true}]}}